{"id":259,"date":"2019-06-11T17:08:09","date_gmt":"2019-06-11T15:08:09","guid":{"rendered":"http:\/\/magnusson.com.mx\/aviso-de-privacidad\/"},"modified":"2019-07-05T19:50:28","modified_gmt":"2019-07-05T17:50:28","slug":"notice-of-privacy","status":"publish","type":"page","link":"https:\/\/magnusson.com.mx\/en\/notice-of-privacy\/","title":{"rendered":"Notice of Privacy"},"content":{"rendered":"\n<div style=\"height:60px\" aria-hidden=\"true\" class=\"wp-block-spacer\"><\/div>\n\n\n\n<p><strong>MAGNUSSON COKE AND MINERALS S DE RL DE CV<\/strong>,&nbsp; con domicilio en calle <strong>FRIDA KAHLO NO.195 PISO 9 SUITE 901 COL. VALLE ORIENTE , SAN PEDRO GARZA GARCIA<\/strong>, en la entidad de <strong>NUEVO LEON<\/strong>, pa\u00eds <strong>MEXICO<\/strong>, y portal de internet <a href=\"https:\/\/magnusson.com.mx\/\">https:\/\/magnusson.com.mx\/<\/a> es el responsable del uso y protecci\u00f3n de sus datos personales, y&nbsp; de conformidad con lo establecido en la <strong>LEY FEDERAL DE PROTECCI\u00d3N DE DATOS PERSONALES EN POSESI\u00d3N DE LOS PARTICULARES<\/strong> contenida en el <strong>DOF.<\/strong><\/p>\n\n\n\n<p><strong>SOBRE SUS DATOS PERSONALES<\/strong><\/p>\n\n\n\n<p><strong>Los utilizaremos para:&nbsp;<\/strong><\/p>\n\n\n\n<ul class=\"wp-block-list\"><li>Proveer los servicios y productos que ha solicitado.<\/li><li>Realizar estudio sobre sus necesidades de consumo de nuestros productos\/servicios.<\/li><li>Evaluar la calidad nuestros servicios y en general ser su mejor proveedor.<\/li><\/ul>\n\n\n\n<p><strong>Adicional los podr\u00edamos utilizar con fines de mercadotecnia o publicidad, como podr\u00edan ser:<\/strong><\/p>\n\n\n\n<ul class=\"wp-block-list\"><li>Notificarle sobre nuevos servicios o productos que tengan relaci\u00f3n con los ya contratados o adquiridos.<\/li><li>Comunicarle sobre cambios en los mismos.<\/li><li>Realizar evaluaciones peri\u00f3dicas de nuestros productos\/servicios a efecto de mejorar la calidad de los mismos.<\/li><\/ul>\n\n\n\n<p>En caso de que no desee que sus datos personales sean tratados para los fines mencionados, desde este momento usted nos puede comunicar lo anterior.&nbsp;<\/p>\n\n\n\n<p>Env\u00ede la solicitud de cancelaci\u00f3n de acuerdo a lo establecido en la ley antes mencionada. Dicha solicitud deber\u00e1 ser presentada ante el Departamento de Protecci\u00f3n de Datos de la empresa <strong><em>MAGNUSSON COKE AND MINERALS S DE RL DE CV<\/em>&nbsp;<\/strong> y el cual tiene domicilio ubicado en&nbsp;<strong><em>FRIDA KAHLO NO.195 PISO 9 SUITE 901 COL. VALLE ORIENTE<\/em><\/strong><em> , <\/em><strong><em>SAN PEDRO GARZA GARCIA<\/em><\/strong>, en la entidad de <strong><em>NUEVO LEON<\/em>,<\/strong> pa\u00eds <strong><em>MEXICO<\/em><\/strong>, y portal de internet <a href=\"https:\/\/magnusson.com.mx\/\">https:\/\/magnusson.com.mx\/<\/a>&nbsp; de igual manera puede comunicarse al tel\u00e9fono <strong>+51<\/strong> <strong>8183636226<\/strong> o v\u00eda correo electr\u00f3nico a&nbsp;<a href=\"mailto:info@magnusson.com.mx\">info@magnusson.com.mx<\/a> .<\/p>\n\n\n\n<p>La negativa para el uso de sus datos personales para estas finalidades no podr\u00e1 ser un motivo para que le neguemos los servicios y productos que solicita o contrata con nosotros.<\/p>\n\n\n\n<p>Ultima actualizaci\u00f3n junio 2019<\/p>\n\n\n\n<div style=\"height:60px\" aria-hidden=\"true\" class=\"wp-block-spacer\"><\/div>\n","protected":false},"excerpt":{"rendered":"<p>MAGNUSSON COKE AND MINERALS S DE RL DE CV,&nbsp; con domicilio en calle FRIDA KAHLO NO.195 PISO 9 SUITE 901 COL. VALLE<span class=\"bullet-excerpt\">&#8230;<\/span><\/p>\n","protected":false},"author":1,"featured_media":0,"parent":0,"menu_order":0,"comment_status":"closed","ping_status":"open","template":"","meta":{"_acf_changed":false,"footnotes":""},"class_list":["post-259","page","type-page","status-publish","hentry"],"acf":[],"_links":{"self":[{"href":"https:\/\/magnusson.com.mx\/en\/wp-json\/wp\/v2\/pages\/259","targetHints":{"allow":["GET"]}}],"collection":[{"href":"https:\/\/magnusson.com.mx\/en\/wp-json\/wp\/v2\/pages"}],"about":[{"href":"https:\/\/magnusson.com.mx\/en\/wp-json\/wp\/v2\/types\/page"}],"author":[{"embeddable":true,"href":"https:\/\/magnusson.com.mx\/en\/wp-json\/wp\/v2\/users\/1"}],"replies":[{"embeddable":true,"href":"https:\/\/magnusson.com.mx\/en\/wp-json\/wp\/v2\/comments?post=259"}],"version-history":[{"count":1,"href":"https:\/\/magnusson.com.mx\/en\/wp-json\/wp\/v2\/pages\/259\/revisions"}],"predecessor-version":[{"id":260,"href":"https:\/\/magnusson.com.mx\/en\/wp-json\/wp\/v2\/pages\/259\/revisions\/260"}],"wp:attachment":[{"href":"https:\/\/magnusson.com.mx\/en\/wp-json\/wp\/v2\/media?parent=259"}],"curies":[{"name":"wp","href":"https:\/\/api.w.org\/{rel}","templated":true}]}}